{"id":1888,"date":"2020-12-05T17:09:13","date_gmt":"2020-12-05T17:09:13","guid":{"rendered":"http:\/\/energos.com.pl\/?page_id=1888"},"modified":"2020-12-05T17:47:09","modified_gmt":"2020-12-05T17:47:09","slug":"oferta","status":"publish","type":"page","link":"https:\/\/energos.com.pl\/index.php\/oferta\/","title":{"rendered":"Oferta"},"content":{"rendered":"<div id=\"pl-gb1888-6a0800770ca75\"  class=\"panel-layout\" ><div id=\"pg-gb1888-6a0800770ca75-0\"  class=\"panel-grid panel-no-style\" ><div id=\"pgc-gb1888-6a0800770ca75-0-0\"  class=\"panel-grid-cell panel-grid-cell-empty\" ><\/div><div id=\"pgc-gb1888-6a0800770ca75-0-1\"  class=\"panel-grid-cell\" ><div id=\"panel-gb1888-6a0800770ca75-0-1-0\" class=\"so-panel widget widget_text panel-first-child panel-last-child\" data-index=\"0\" >\t\t\t<div class=\"textwidget\"><p style=\"text-align: center;\"><span style=\"font-size: 16;\"><b><br \/>\nDzia\u0142 mechaniczny<\/b><\/span><\/p>\n<\/div>\n\t\t<\/div><\/div><\/div><div id=\"pg-gb1888-6a0800770ca75-1\"  class=\"panel-grid panel-no-style\" ><div id=\"pgc-gb1888-6a0800770ca75-1-0\"  class=\"panel-grid-cell\" ><div id=\"panel-gb1888-6a0800770ca75-1-0-0\" class=\"so-panel widget widget_media_image panel-first-child panel-last-child\" data-index=\"1\" ><img width=\"1024\" height=\"683\" src=\"https:\/\/energos.com.pl\/wp-content\/uploads\/2020\/12\/agricultural-silos-building-exterior-1024x683.jpg\" class=\"image wp-image-1897  attachment-large size-large\" alt=\"\" loading=\"lazy\" style=\"max-width: 100%; height: auto;\" srcset=\"https:\/\/energos.com.pl\/wp-content\/uploads\/2020\/12\/agricultural-silos-building-exterior-1024x683.jpg 1024w, https:\/\/energos.com.pl\/wp-content\/uploads\/2020\/12\/agricultural-silos-building-exterior-300x200.jpg 300w, https:\/\/energos.com.pl\/wp-content\/uploads\/2020\/12\/agricultural-silos-building-exterior-768x513.jpg 768w, https:\/\/energos.com.pl\/wp-content\/uploads\/2020\/12\/agricultural-silos-building-exterior-1536x1025.jpg 1536w, https:\/\/energos.com.pl\/wp-content\/uploads\/2020\/12\/agricultural-silos-building-exterior-2048x1367.jpg 2048w\" sizes=\"(max-width: 1024px) 100vw, 1024px\" \/><\/div><\/div><div id=\"pgc-gb1888-6a0800770ca75-1-1\"  class=\"panel-grid-cell\" ><div id=\"panel-gb1888-6a0800770ca75-1-1-0\" class=\"so-panel widget widget_text panel-first-child panel-last-child\" data-index=\"2\" >\t\t\t<div class=\"textwidget\"><p>Dzia\u0142 mechaniczny oferuje Pa\u0144stwu kompleksowe wykonawstwo konstrukcji stalowych, remonty maszyn i urz\u0105dze\u0144 przemys\u0142owych, spawanie metodami TIG i MAG oraz pozosta\u0142e us\u0142ugi spawalnicze oraz obr\u00f3bk\u0119 skrawaniem. Mo\u017cliwy jest monta\u017c wykonanych konstrukcji u klienta.<br \/>\nNasz park maszynowy umo\u017cliwia nam \u015bwiadczenie us\u0142ug ci\u0119cia blach w\u0119glowych, nierdzewnych, blach typu HARDOX, a nawet blach miedzianych. Us\u0142ugi gi\u0119cia \u015bwiadczymy do 12mm w d\u0142ugo\u015bci 3m oraz do 20mm w d\u0142ugo\u015bci 2m.<br \/>\nZ przyjemno\u015bci\u0105 chcieliby\u015bmy Pa\u0144stwa poinformowa\u0107, \u017ce nasza firma wykonuje r\u00f3wnie\u017c balustrady, p\u0142oty i bramy stalowe.<br \/>\nPrawdziw\u0105 innowacj\u0105 jest najnowsza oferta, dotycz\u0105ca produkcji zautomatyzowanych magazyn\u00f3w wysokiego sk\u0142adowania oraz zautomatyzowanych parking\u00f3w pi\u0119trowych (do 24 stanowisk) \u2013 serdecznie zapraszamy do zapoznania si\u0119 z najnowsz\u0105 ofert\u0105.<\/p>\n<\/div>\n\t\t<\/div><\/div><\/div><div id=\"pg-gb1888-6a0800770ca75-2\"  class=\"panel-grid panel-no-style\" ><div id=\"pgc-gb1888-6a0800770ca75-2-0\"  class=\"panel-grid-cell\" ><div id=\"panel-gb1888-6a0800770ca75-2-0-0\" class=\"so-panel widget widget_text panel-first-child panel-last-child\" data-index=\"3\" >\t\t\t<div class=\"textwidget\"><a href=\"https:\/\/energos.com.pl\/wp-content\/uploads\/2020\/12\/Oferta-Magazynu.pdf\" class=\"pdfemb-viewer\" style=\"\" data-width=\"max\" data-height=\"max\"  data-toolbar=\"bottom\" data-toolbar-fixed=\"off\">Oferta Magazynu<br\/><\/a>\n<\/div>\n\t\t<\/div><\/div><div id=\"pgc-gb1888-6a0800770ca75-2-1\"  class=\"panel-grid-cell\" ><div id=\"panel-gb1888-6a0800770ca75-2-1-0\" class=\"so-panel widget widget_text panel-first-child panel-last-child\" data-index=\"4\" >\t\t\t<div class=\"textwidget\"><a href=\"https:\/\/energos.com.pl\/wp-content\/uploads\/2020\/12\/Oferta2.pdf\" class=\"pdfemb-viewer\" style=\"\" data-width=\"max\" data-height=\"max\"  data-toolbar=\"bottom\" data-toolbar-fixed=\"off\">Oferta2<br\/><\/a>\n<\/div>\n\t\t<\/div><\/div><\/div><div id=\"pg-gb1888-6a0800770ca75-3\"  class=\"panel-grid panel-no-style\" ><div id=\"pgc-gb1888-6a0800770ca75-3-0\"  class=\"panel-grid-cell panel-grid-cell-mobile-last\" ><div id=\"panel-gb1888-6a0800770ca75-3-0-0\" class=\"so-panel widget widget_text panel-first-child panel-last-child\" data-index=\"5\" >\t\t\t<div class=\"textwidget\"><p><strong>Dzia\u0142 budowlany<\/strong><\/p>\n<\/div>\n\t\t<\/div><\/div><div id=\"pgc-gb1888-6a0800770ca75-3-1\"  class=\"panel-grid-cell panel-grid-cell-empty\" ><\/div><\/div><div id=\"pg-gb1888-6a0800770ca75-4\"  class=\"panel-grid panel-no-style\" ><div id=\"pgc-gb1888-6a0800770ca75-4-0\"  class=\"panel-grid-cell\" ><div id=\"panel-gb1888-6a0800770ca75-4-0-0\" class=\"so-panel widget widget_text panel-first-child panel-last-child\" data-index=\"6\" >\t\t\t<div class=\"textwidget\"><p>Oferujemy wylewanie fundament\u00f3w pod specjalistyczne maszyny i urz\u0105dzenia (np. stojany generator\u00f3w), modernizacje i remonty obiekt\u00f3w przemys\u0142owych i\u00a0 mieszkaniowych. Specjalnie dla Pa\u0144stwa chcemy zaoferowa\u0107 us\u0142ugi projektowe oraz adaptacje pomieszcze\u0144 dla potrzeb handlowych i biurowych.<\/p>\n<\/div>\n\t\t<\/div><\/div><div id=\"pgc-gb1888-6a0800770ca75-4-1\"  class=\"panel-grid-cell\" ><div id=\"panel-gb1888-6a0800770ca75-4-1-0\" class=\"so-panel widget widget_media_image panel-first-child panel-last-child\" data-index=\"7\" ><img width=\"1024\" height=\"683\" src=\"https:\/\/energos.com.pl\/wp-content\/uploads\/2020\/12\/bricklayer-worker-installing-brick-masonry-exterior-wall-with-trowel-putty-knife-1-1024x683.jpg\" class=\"image wp-image-1902  attachment-large size-large\" alt=\"\" loading=\"lazy\" style=\"max-width: 100%; height: auto;\" srcset=\"https:\/\/energos.com.pl\/wp-content\/uploads\/2020\/12\/bricklayer-worker-installing-brick-masonry-exterior-wall-with-trowel-putty-knife-1-1024x683.jpg 1024w, https:\/\/energos.com.pl\/wp-content\/uploads\/2020\/12\/bricklayer-worker-installing-brick-masonry-exterior-wall-with-trowel-putty-knife-1-300x200.jpg 300w, https:\/\/energos.com.pl\/wp-content\/uploads\/2020\/12\/bricklayer-worker-installing-brick-masonry-exterior-wall-with-trowel-putty-knife-1-768x512.jpg 768w, https:\/\/energos.com.pl\/wp-content\/uploads\/2020\/12\/bricklayer-worker-installing-brick-masonry-exterior-wall-with-trowel-putty-knife-1-1536x1024.jpg 1536w, https:\/\/energos.com.pl\/wp-content\/uploads\/2020\/12\/bricklayer-worker-installing-brick-masonry-exterior-wall-with-trowel-putty-knife-1-2048x1365.jpg 2048w\" sizes=\"(max-width: 1024px) 100vw, 1024px\" \/><\/div><\/div><\/div><div id=\"pg-gb1888-6a0800770ca75-5\"  class=\"panel-grid panel-no-style\" ><div id=\"pgc-gb1888-6a0800770ca75-5-0\"  class=\"panel-grid-cell panel-grid-cell-empty\" ><\/div><div id=\"pgc-gb1888-6a0800770ca75-5-1\"  class=\"panel-grid-cell\" ><div id=\"panel-gb1888-6a0800770ca75-5-1-0\" class=\"so-panel widget widget_text panel-first-child panel-last-child\" data-index=\"8\" >\t\t\t<div class=\"textwidget\"><p><strong>Dzia\u0142 transportu<\/strong><\/p>\n<\/div>\n\t\t<\/div><\/div><\/div><div id=\"pg-gb1888-6a0800770ca75-6\"  class=\"panel-grid panel-no-style\" ><div id=\"pgc-gb1888-6a0800770ca75-6-0\"  class=\"panel-grid-cell\" ><div id=\"panel-gb1888-6a0800770ca75-6-0-0\" class=\"so-panel widget widget_media_image panel-first-child panel-last-child\" data-index=\"9\" ><img width=\"1024\" height=\"684\" src=\"https:\/\/energos.com.pl\/wp-content\/uploads\/2020\/12\/semi-truck-and-warehouse-1-1024x684.jpg\" class=\"image wp-image-1903  attachment-large size-large\" alt=\"\" loading=\"lazy\" style=\"max-width: 100%; height: auto;\" srcset=\"https:\/\/energos.com.pl\/wp-content\/uploads\/2020\/12\/semi-truck-and-warehouse-1-1024x684.jpg 1024w, https:\/\/energos.com.pl\/wp-content\/uploads\/2020\/12\/semi-truck-and-warehouse-1-300x201.jpg 300w, https:\/\/energos.com.pl\/wp-content\/uploads\/2020\/12\/semi-truck-and-warehouse-1-768x513.jpg 768w, https:\/\/energos.com.pl\/wp-content\/uploads\/2020\/12\/semi-truck-and-warehouse-1-1536x1027.jpg 1536w, https:\/\/energos.com.pl\/wp-content\/uploads\/2020\/12\/semi-truck-and-warehouse-1-2048x1369.jpg 2048w\" sizes=\"(max-width: 1024px) 100vw, 1024px\" \/><\/div><\/div><div id=\"pgc-gb1888-6a0800770ca75-6-1\"  class=\"panel-grid-cell\" ><div id=\"panel-gb1888-6a0800770ca75-6-1-0\" class=\"so-panel widget widget_text panel-first-child panel-last-child\" data-index=\"10\" >\t\t\t<div class=\"textwidget\"><p>Zakres oferty naszego dzia\u0142u obejmuje transport rzeczy samochodami dostawczymi i ci\u0119\u017carowymi oraz transport \u0142adunk\u00f3w ponadgabarytowych do 80 ton.<br \/>\n\u015awiadczymy us\u0142ugi spedycyjne, posiadamy niezb\u0119dne kwalifikacje i certyfikaty na wykonanie us\u0142ug transportowych oraz na przemieszczanie \u0142adunk\u00f3w przy u\u017cyciu systemu hydraulicznego do 100 Ton.<br \/>\nOferujemy r\u00f3wnie\u017c przew\u00f3z os\u00f3b oraz wynajem samochodu do przewozu os\u00f3b wraz z kierowc\u0105.<\/p>\n<\/div>\n\t\t<\/div><\/div><\/div><\/div>","protected":false},"excerpt":{"rendered":"<p>Dzia\u0142 mechaniczny Dzia\u0142 mechaniczny oferuje Pa\u0144stwu kompleksowe wykonawstwo konstrukcji stalowych, remonty maszyn i urz\u0105dze\u0144 przemys\u0142owych, spawanie metodami TIG i MAG oraz pozosta\u0142e us\u0142ugi spawalnicze oraz obr\u00f3bk\u0119 skrawaniem. Mo\u017cliwy jest monta\u017c wykonanych konstrukcji u klienta. Nasz park maszynowy umo\u017cliwia nam \u015bwiadczenie us\u0142ug ci\u0119cia blach w\u0119glowych, nierdzewnych, blach typu HARDOX, a nawet blach miedzianych. Us\u0142ugi gi\u0119cia \u015bwiadczymy do 12mm w d\u0142ugo\u015bci 3m oraz do 20mm w d\u0142ugo\u015bci 2m. Z przyjemno\u015bci\u0105 chcieliby\u015bmy Pa\u0144stwa poinformowa\u0107, \u017ce nasza firma wykonuje r\u00f3wnie\u017c balustrady, p\u0142oty i bramy stalowe. Prawdziw\u0105 innowacj\u0105 jest najnowsza oferta, dotycz\u0105ca produkcji zautomatyzowanych magazyn\u00f3w wysokiego sk\u0142adowania oraz zautomatyzowanych parking\u00f3w pi\u0119trowych (do 24 stanowisk) \u2013&#8230; <\/p>\n","protected":false},"author":2,"featured_media":0,"parent":0,"menu_order":0,"comment_status":"closed","ping_status":"closed","template":"template-parts\/template-full-width.php","meta":[],"_links":{"self":[{"href":"https:\/\/energos.com.pl\/index.php\/wp-json\/wp\/v2\/pages\/1888"}],"collection":[{"href":"https:\/\/energos.com.pl\/index.php\/wp-json\/wp\/v2\/pages"}],"about":[{"href":"https:\/\/energos.com.pl\/index.php\/wp-json\/wp\/v2\/types\/page"}],"author":[{"embeddable":true,"href":"https:\/\/energos.com.pl\/index.php\/wp-json\/wp\/v2\/users\/2"}],"replies":[{"embeddable":true,"href":"https:\/\/energos.com.pl\/index.php\/wp-json\/wp\/v2\/comments?post=1888"}],"version-history":[{"count":5,"href":"https:\/\/energos.com.pl\/index.php\/wp-json\/wp\/v2\/pages\/1888\/revisions"}],"predecessor-version":[{"id":1908,"href":"https:\/\/energos.com.pl\/index.php\/wp-json\/wp\/v2\/pages\/1888\/revisions\/1908"}],"wp:attachment":[{"href":"https:\/\/energos.com.pl\/index.php\/wp-json\/wp\/v2\/media?parent=1888"}],"curies":[{"name":"wp","href":"https:\/\/api.w.org\/{rel}","templated":true}]}}