{"id":618,"date":"2018-06-14T18:14:48","date_gmt":"2018-06-14T18:14:48","guid":{"rendered":"https:\/\/gracethemes.com\/demo\/combine\/?page_id=618"},"modified":"2020-12-05T17:37:32","modified_gmt":"2020-12-05T17:37:32","slug":"gallery","status":"publish","type":"page","link":"https:\/\/energos.com.pl\/index.php\/gallery\/","title":{"rendered":"Realizacje"},"content":{"rendered":"<p>Przedstawiamy cz\u0119\u015b\u0107 naszych realizacji.<\/p>\n<div class=\"photobooth\"><div class=\"row threecol portfoliowrap\"><div class=\"portfolio\"><div class=\"entry \">\r\n\t\t\t\t\t\t<div class=\"holderwrap\">\r\n\t\t\t\t\t\t  <figure class=\"effect-bubba\"> \r\n\t\t\t\t\t\t  \t<a href=\"https:\/\/energos.com.pl\/wp-content\/uploads\/2018\/08\/20151219_130148.jpg\" data-rel=\"prettyPhoto[bkpGallery]\">\r\n\t\t\t\t\t\t\t <img src=\"https:\/\/energos.com.pl\/wp-content\/uploads\/2018\/08\/20151219_130148.jpg\"\/>\r\n\t\t\t\t\t\t\t <h5>Pokrywa kadzi transformatorowej 400MW<\/h5>\r\n\t\t\t\t\t\t\t <figcaption><\/figcaption>\r\n\t\t\t\t\t\t\t<\/a>\t\r\n\t\t\t\t\t\t\t<\/figure>\t\t\t\t\t\t\t\t\t\t\t\t\t\r\n\t\t\t\t\t\t<\/div>\r\n\t\t\t\t\t<\/div><div class=\"entry \">\r\n\t\t\t\t\t\t<div class=\"holderwrap\">\r\n\t\t\t\t\t\t  <figure class=\"effect-bubba\"> \r\n\t\t\t\t\t\t  \t<a href=\"https:\/\/energos.com.pl\/wp-content\/uploads\/2018\/08\/007.jpg\" data-rel=\"prettyPhoto[bkpGallery]\">\r\n\t\t\t\t\t\t\t <img src=\"https:\/\/energos.com.pl\/wp-content\/uploads\/2018\/08\/007.jpg\"\/>\r\n\t\t\t\t\t\t\t <h5>Przeno\u015bnik ta\u015bmowy<\/h5>\r\n\t\t\t\t\t\t\t <figcaption><\/figcaption>\r\n\t\t\t\t\t\t\t<\/a>\t\r\n\t\t\t\t\t\t\t<\/figure>\t\t\t\t\t\t\t\t\t\t\t\t\t\r\n\t\t\t\t\t\t<\/div>\r\n\t\t\t\t\t<\/div><div class=\"entry \">\r\n\t\t\t\t\t\t<div class=\"holderwrap\">\r\n\t\t\t\t\t\t  <figure class=\"effect-bubba\"> \r\n\t\t\t\t\t\t  \t<a href=\"https:\/\/energos.com.pl\/wp-content\/uploads\/2018\/08\/B.jpg\" data-rel=\"prettyPhoto[bkpGallery]\">\r\n\t\t\t\t\t\t\t <img src=\"https:\/\/energos.com.pl\/wp-content\/uploads\/2018\/08\/B.jpg\"\/>\r\n\t\t\t\t\t\t\t <h5>Forma do betonu<\/h5>\r\n\t\t\t\t\t\t\t <figcaption><\/figcaption>\r\n\t\t\t\t\t\t\t<\/a>\t\r\n\t\t\t\t\t\t\t<\/figure>\t\t\t\t\t\t\t\t\t\t\t\t\t\r\n\t\t\t\t\t\t<\/div>\r\n\t\t\t\t\t<\/div><div class=\"entry \">\r\n\t\t\t\t\t\t<div class=\"holderwrap\">\r\n\t\t\t\t\t\t  <figure class=\"effect-bubba\"> \r\n\t\t\t\t\t\t  \t<a href=\"https:\/\/energos.com.pl\/wp-content\/uploads\/2018\/08\/pokrywa.jpg\" data-rel=\"prettyPhoto[bkpGallery]\">\r\n\t\t\t\t\t\t\t <img src=\"https:\/\/energos.com.pl\/wp-content\/uploads\/2018\/08\/pokrywa.jpg\"\/>\r\n\t\t\t\t\t\t\t <h5>Pokrywa<\/h5>\r\n\t\t\t\t\t\t\t <figcaption><\/figcaption>\r\n\t\t\t\t\t\t\t<\/a>\t\r\n\t\t\t\t\t\t\t<\/figure>\t\t\t\t\t\t\t\t\t\t\t\t\t\r\n\t\t\t\t\t\t<\/div>\r\n\t\t\t\t\t<\/div><div class=\"entry \">\r\n\t\t\t\t\t\t<div class=\"holderwrap\">\r\n\t\t\t\t\t\t  <figure class=\"effect-bubba\"> \r\n\t\t\t\t\t\t  \t<a href=\"https:\/\/energos.com.pl\/wp-content\/uploads\/2016\/10\/Wozek-jezdny.jpg\" data-rel=\"prettyPhoto[bkpGallery]\">\r\n\t\t\t\t\t\t\t <img src=\"https:\/\/energos.com.pl\/wp-content\/uploads\/2016\/10\/Wozek-jezdny.jpg\"\/>\r\n\t\t\t\t\t\t\t <h5>W\u00f3zek jezdny<\/h5>\r\n\t\t\t\t\t\t\t <figcaption><\/figcaption>\r\n\t\t\t\t\t\t\t<\/a>\t\r\n\t\t\t\t\t\t\t<\/figure>\t\t\t\t\t\t\t\t\t\t\t\t\t\r\n\t\t\t\t\t\t<\/div>\r\n\t\t\t\t\t<\/div><div class=\"entry \">\r\n\t\t\t\t\t\t<div class=\"holderwrap\">\r\n\t\t\t\t\t\t  <figure class=\"effect-bubba\"> \r\n\t\t\t\t\t\t  \t<a href=\"https:\/\/energos.com.pl\/wp-content\/uploads\/2016\/10\/Zbiornik-olejowy.jpg\" data-rel=\"prettyPhoto[bkpGallery]\">\r\n\t\t\t\t\t\t\t <img src=\"https:\/\/energos.com.pl\/wp-content\/uploads\/2016\/10\/Zbiornik-olejowy.jpg\"\/>\r\n\t\t\t\t\t\t\t <h5>Zbiornik olejowy<\/h5>\r\n\t\t\t\t\t\t\t <figcaption><\/figcaption>\r\n\t\t\t\t\t\t\t<\/a>\t\r\n\t\t\t\t\t\t\t<\/figure>\t\t\t\t\t\t\t\t\t\t\t\t\t\r\n\t\t\t\t\t\t<\/div>\r\n\t\t\t\t\t<\/div><\/div><\/div><\/div>\n","protected":false},"excerpt":{"rendered":"<p>Przedstawiamy cz\u0119\u015b\u0107 naszych realizacji.<\/p>\n","protected":false},"author":2,"featured_media":0,"parent":0,"menu_order":0,"comment_status":"closed","ping_status":"closed","template":"template-parts\/template-full-width.php","meta":[],"_links":{"self":[{"href":"https:\/\/energos.com.pl\/index.php\/wp-json\/wp\/v2\/pages\/618"}],"collection":[{"href":"https:\/\/energos.com.pl\/index.php\/wp-json\/wp\/v2\/pages"}],"about":[{"href":"https:\/\/energos.com.pl\/index.php\/wp-json\/wp\/v2\/types\/page"}],"author":[{"embeddable":true,"href":"https:\/\/energos.com.pl\/index.php\/wp-json\/wp\/v2\/users\/2"}],"replies":[{"embeddable":true,"href":"https:\/\/energos.com.pl\/index.php\/wp-json\/wp\/v2\/comments?post=618"}],"version-history":[{"count":3,"href":"https:\/\/energos.com.pl\/index.php\/wp-json\/wp\/v2\/pages\/618\/revisions"}],"predecessor-version":[{"id":1905,"href":"https:\/\/energos.com.pl\/index.php\/wp-json\/wp\/v2\/pages\/618\/revisions\/1905"}],"wp:attachment":[{"href":"https:\/\/energos.com.pl\/index.php\/wp-json\/wp\/v2\/media?parent=618"}],"curies":[{"name":"wp","href":"https:\/\/api.w.org\/{rel}","templated":true}]}}