{"id":790,"date":"2018-10-03T11:46:31","date_gmt":"2018-10-03T11:46:31","guid":{"rendered":"http:\/\/localhost\/www\/Mythemes\/modeling\/?page_id=790"},"modified":"2020-12-05T17:15:12","modified_gmt":"2020-12-05T17:15:12","slug":"about-us","status":"publish","type":"page","link":"https:\/\/energos.com.pl\/index.php\/about-us\/","title":{"rendered":"O firmie"},"content":{"rendered":"<div class=\"tc\"><b>Energos Sp. z o.o.<\/b><\/p>\n<\/div>\n<p>Szanowni Pa\u0144stwo.<\/p>\n<p>Z prawdziw\u0105 przyjemno\u015bci\u0105 przedstawiamy ofert\u0119 naszej Sp\u00f3\u0142ki dzia\u0142aj\u0105cej<br \/>\nw sektorze konstrukcji stalowych, budownictwa przemys\u0142owego oraz specjalistycznych us\u0142ug transportowych.<\/p>\n<p>Sp\u00f3\u0142ka Energos jest firm\u0105 dzia\u0142aj\u0105c\u0105 od ponad 25 lat na terenie ca\u0142ej Polski oraz na terenie kraj\u00f3w Unii Europejskiej.<\/p>\n<p>Dzi\u0119ki zdobytemu przez lata do\u015bwiadczeniu oraz wysokowykwalifikowanej kadrze in\u017cynieryjno-technicznej zlecone zadania realizujemy sprawnie i z najwy\u017csz\u0105 jako\u015bci\u0105. Potwierdzaj\u0105 to zdobyte certyfikaty i uprawnienia.<\/p>\n<div class=\"tc\"><b>Zapraszamy do korzystania z naszych us\u0142ug.<\/b><\/div>\n","protected":false},"excerpt":{"rendered":"<p>Energos Sp. z o.o. Szanowni Pa\u0144stwo. Z prawdziw\u0105 przyjemno\u015bci\u0105 przedstawiamy ofert\u0119 naszej Sp\u00f3\u0142ki dzia\u0142aj\u0105cej w sektorze konstrukcji stalowych, budownictwa przemys\u0142owego oraz specjalistycznych us\u0142ug transportowych. Sp\u00f3\u0142ka Energos jest firm\u0105 dzia\u0142aj\u0105c\u0105 od ponad 25 lat na terenie ca\u0142ej Polski oraz na terenie kraj\u00f3w Unii Europejskiej. Dzi\u0119ki zdobytemu przez lata do\u015bwiadczeniu oraz wysokowykwalifikowanej kadrze in\u017cynieryjno-technicznej zlecone zadania realizujemy sprawnie i z najwy\u017csz\u0105 jako\u015bci\u0105. Potwierdzaj\u0105 to zdobyte certyfikaty i uprawnienia. Zapraszamy do korzystania z naszych us\u0142ug.<\/p>\n","protected":false},"author":2,"featured_media":0,"parent":0,"menu_order":0,"comment_status":"closed","ping_status":"closed","template":"template-parts\/template-full-width.php","meta":[],"_links":{"self":[{"href":"https:\/\/energos.com.pl\/index.php\/wp-json\/wp\/v2\/pages\/790"}],"collection":[{"href":"https:\/\/energos.com.pl\/index.php\/wp-json\/wp\/v2\/pages"}],"about":[{"href":"https:\/\/energos.com.pl\/index.php\/wp-json\/wp\/v2\/types\/page"}],"author":[{"embeddable":true,"href":"https:\/\/energos.com.pl\/index.php\/wp-json\/wp\/v2\/users\/2"}],"replies":[{"embeddable":true,"href":"https:\/\/energos.com.pl\/index.php\/wp-json\/wp\/v2\/comments?post=790"}],"version-history":[{"count":2,"href":"https:\/\/energos.com.pl\/index.php\/wp-json\/wp\/v2\/pages\/790\/revisions"}],"predecessor-version":[{"id":1895,"href":"https:\/\/energos.com.pl\/index.php\/wp-json\/wp\/v2\/pages\/790\/revisions\/1895"}],"wp:attachment":[{"href":"https:\/\/energos.com.pl\/index.php\/wp-json\/wp\/v2\/media?parent=790"}],"curies":[{"name":"wp","href":"https:\/\/api.w.org\/{rel}","templated":true}]}}